{"id":2,"date":"2016-05-10T03:48:21","date_gmt":"2016-05-10T03:48:21","guid":{"rendered":"http:\/\/corael.es\/?page_id=2"},"modified":"2020-05-10T17:13:31","modified_gmt":"2020-05-10T17:13:31","slug":"sample-page","status":"publish","type":"page","link":"https:\/\/corael.es\/","title":{"rendered":"Corael"},"content":{"rendered":"<p>Dentro de poco tiempo surgir\u00e1 una nueva etapa donde las empresas pueden confiar en sus proveedores. Profesionales dedicados a ofrecer el mejor servicio.<\/p>\n<p>Pronto os presentaremos Corael, empresa de confianza y de servicios profesionales. Estamos para hacer crecer a las peque\u00f1as empresas, apostando por ellas y por la sociedad. Mejorando la relaci\u00f3n entre personas y empresas. Trabajamos para t\u00ed, para ellos y para la sociedad.<\/p>\n<p>\u00a1Hasta muy pronto!<\/p>\n","protected":false},"excerpt":{"rendered":"<p>Dentro de poco tiempo surgir\u00e1 una nueva etapa donde las empresas pueden confiar en sus proveedores. Profesionales dedicados a ofrecer el mejor servicio. Pronto os presentaremos Corael, empresa de confianza y de servicios profesionales. Estamos para hacer crecer a las peque\u00f1as empresas, apostando por ellas y por la sociedad. Mejorando la relaci\u00f3n entre personas y &hellip; <\/p>\n<p class=\"link-more\"><a href=\"https:\/\/corael.es\/\" class=\"more-link\">Continuar leyendo<span class=\"screen-reader-text\"> \u00abCorael\u00bb<\/span><\/a><\/p>\n","protected":false},"author":1,"featured_media":0,"parent":0,"menu_order":0,"comment_status":"closed","ping_status":"closed","template":"","meta":{"footnotes":""},"class_list":["post-2","page","type-page","status-publish","hentry"],"_links":{"self":[{"href":"https:\/\/corael.es\/index.php?rest_route=\/wp\/v2\/pages\/2","targetHints":{"allow":["GET"]}}],"collection":[{"href":"https:\/\/corael.es\/index.php?rest_route=\/wp\/v2\/pages"}],"about":[{"href":"https:\/\/corael.es\/index.php?rest_route=\/wp\/v2\/types\/page"}],"author":[{"embeddable":true,"href":"https:\/\/corael.es\/index.php?rest_route=\/wp\/v2\/users\/1"}],"replies":[{"embeddable":true,"href":"https:\/\/corael.es\/index.php?rest_route=%2Fwp%2Fv2%2Fcomments&post=2"}],"version-history":[{"count":2,"href":"https:\/\/corael.es\/index.php?rest_route=\/wp\/v2\/pages\/2\/revisions"}],"predecessor-version":[{"id":8,"href":"https:\/\/corael.es\/index.php?rest_route=\/wp\/v2\/pages\/2\/revisions\/8"}],"wp:attachment":[{"href":"https:\/\/corael.es\/index.php?rest_route=%2Fwp%2Fv2%2Fmedia&parent=2"}],"curies":[{"name":"wp","href":"https:\/\/api.w.org\/{rel}","templated":true}]}}